{"id":2446,"date":"2014-08-07T12:49:49","date_gmt":"2014-08-07T16:49:49","guid":{"rendered":"http:\/\/mhw.info.yorku.ca\/training\/"},"modified":"2019-09-10T12:59:24","modified_gmt":"2019-09-10T16:59:24","slug":"formation","status":"publish","type":"page","link":"https:\/\/mhw.info.yorku.ca\/fr\/formation\/","title":{"rendered":"Formation"},"content":{"rendered":"<p>La strat\u00e9gie de l\u2019Universit\u00e9 York pour promouvoir la sant\u00e9 mentale et le bien-\u00eatre comprend la capacit\u00e9 \u00e0 soutenir les membres de la communaut\u00e9 de York en mati\u00e8re de sant\u00e9 mentale, y compris la formation et l\u2019\u00e9ducation. Les s\u00e9ances suivantes sont disponibles :<\/p>\n<h3><a title=\"safeTALK training\" href=\"http:\/\/healthed.scld.yorku.ca\/trainings\/\">safeTALK<\/a><\/h3>\n<ul>\n<li><em>Pour les \u00e9tudiants, les membres du corps professoral et du personnel<\/em><\/li>\n<li><em>3 heures en personne<\/em><\/li>\n<\/ul>\n<p>safeTALK est une formation qui pr\u00e9pare les participants\u00a0\u00e0 identifier les personnes ayant des pens\u00e9es suicidaires et \u00e0 les mettre en relation avec des ressources de premiers secours en mati\u00e8re de suicide. La plupart des gens qui pensent au suicide demandent de l\u2019aide pour rester en s\u00e9curit\u00e9. Les aidants vigilants savent comment tirer parti de ces occasions pour r\u00e9pondre \u00e0 ce d\u00e9sir de s\u00e9curit\u00e9. En tant qu\u2019aidant de safeTALK form\u00e9 aux alertes au suicide, vous serez plus \u00e0 m\u00eame de :<\/p>\n<ul>\n<li>d\u00e9passer les tendances courantes consistant \u00e0 manquer, rejeter ou \u00e9viter le suicide ;<\/li>\n<li>identifier les gens aux pens\u00e9es suicidaires ;<\/li>\n<li>appliquer les \u00e9tapes TALK (<em>Tell<\/em>, <em>Ask<\/em>, <em>Listen<\/em>, <em>KeepSafe<\/em>, c.-\u00e0-d. parler, poser des questions, \u00e9couter et garder en s\u00e9curit\u00e9) pour mettre en relation une personne qui pense au suicide avec des aidants de premiers secours dans le domaine du suicide et des soignants form\u00e9s pour l\u2019intervention.<\/li>\n<\/ul>\n<h3><a title=\"ASIST training\" href=\"http:\/\/healthed.scld.yorku.ca\/trainings\/\">AIDER<\/a><\/h3>\n<ul>\n<li><em>Pour les membres du corps professoral et du personnel, ainsi que les \u00e9tudiants<\/em><\/li>\n<li><em>2 journ\u00e9es compl\u00e8tes en personne,\u00a0de\u00a0 8\u00a0h\u00a030 \u00e0 16\u00a0h\u00a030<\/em><\/li>\n<\/ul>\n<p>*Veuilez noter que\u00a0: pour devenir certifi\u00e9 ASIST, vous devez assister aux deux journ\u00e9es de formation.<\/p>\n<p>L\u2019atelier ASIST est destin\u00e9 aux soignants qui souhaitent \u00eatre plus \u00e0 l\u2019aise, plus confiants et plus comp\u00e9tents dans l\u2019aide qu\u2019ils apportent pour emp\u00eacher le risque imm\u00e9diat de suicide. Plus d\u2019un million de soignants ont particip\u00e9 \u00e0 ces deux journ\u00e9es d\u2019atelier, tr\u00e8s interactif, pratique et ax\u00e9 sur la pratique.<\/p>\n<p>La participation aux deux journ\u00e9es compl\u00e8tes est obligatoire. Profitez de discussions en petit groupe et pratiquez des comp\u00e9tences bas\u00e9es sur les principes d\u2019apprentissage chez les adultes. Faites l\u2019exp\u00e9rience de vid\u00e9os fortes sur l\u2019intervention en mati\u00e8re de suicide. Mettez-vous au d\u00e9fi tout en vous sentant en s\u00e9curit\u00e9. Apprenez les premiers secours en cas de suicide.<\/p>\n<h3>Le B.A.-BA de la sant\u00e9 mentale<\/h3>\n<ul>\n<li><em>Pour<\/em><em>les membres du corps professoral et du personnel, ainsi que les \u00e9tudiants<\/em><\/li>\n<li><em>1,5 heure en personne<\/em><\/li>\n<\/ul>\n<p>Le B.A-.BA de la sant\u00e9 mentale est un module de formation qui fournit aux \u00e9tudiants, aux enseignants et aux membres du personnel les comp\u00e9tences dont ils ont besoin pour identifier les \u00e9tudiants pr\u00e9sentant des inqui\u00e9tudes en mati\u00e8re de sant\u00e9 mentale, leur r\u00e9pondre et les diriger vers les ressources adapt\u00e9es.\u00a0Les objectifs d\u2019apprentissage de cette s\u00e9ance comprennent\u00a0notamment la liste suivante\u00a0:<\/p>\n<ul>\n<li>Acqu\u00e9rir une meilleure compr\u00e9hension des inqui\u00e9tudes concernant la sant\u00e9 mentale auxquelles font face les \u00e9tudiants de l\u2019universit\u00e9 York.<\/li>\n<li>Augmenter la prise de conscience de certaines situations en rapport avec la sant\u00e9 mentale auxquelles vous \u00eates susceptible d\u2019\u00eatre confront\u00e9 dans votre r\u00f4le.<\/li>\n<li>\u00catre capable d\u2019identifier, d\u2019entrer en relation et de diriger des \u00e9tudiants ayant une sant\u00e9 mentale fragile ou \u00e9tant en situation de d\u00e9tresse vers les ressources du campus qui conviennent.<\/li>\n<li>Avoir l\u2019occasion de travailler les comp\u00e9tences n\u00e9cessaires au soutien d\u2019\u00e9tudiants dont la sant\u00e9 mentale est fragile ou qui sont dans la d\u00e9tresse.<\/li>\n<\/ul>\n<p><strong>*<em>Offert sur demande seulement<\/em><\/strong><\/p>\n<p>Des s\u00e9ances de formation vous int\u00e9ressent\u00a0? <strong>Contactez Stephanie Francis <\/strong><strong>\u00e0<\/strong><strong> l\u2019adresse\u00a0:\u00a0<a title=\"Contactez Stephanie Francis\" href=\"mailto:stephfra@yorku.ca\">stephfra@yorku.ca<\/a><\/strong><\/p>\n","protected":false},"excerpt":{"rendered":"<p>La strat\u00e9gie de l\u2019Universit\u00e9 York pour promouvoir la sant\u00e9 mentale et le bien-\u00eatre comprend la capacit\u00e9 \u00e0 soutenir les membres de la communaut\u00e9 de York en mati\u00e8re de sant\u00e9 mentale, y compris la formation et l\u2019\u00e9ducation. Les s\u00e9ances suivantes sont disponibles : safeTALK Pour les \u00e9tudiants, les membres du corps professoral et du personnel 3 [&hellip;]<\/p>\n","protected":false},"author":4168,"featured_media":0,"parent":0,"menu_order":0,"comment_status":"closed","ping_status":"open","template":"","meta":[],"_links":{"self":[{"href":"https:\/\/mhw.info.yorku.ca\/fr\/wp-json\/wp\/v2\/pages\/2446"}],"collection":[{"href":"https:\/\/mhw.info.yorku.ca\/fr\/wp-json\/wp\/v2\/pages"}],"about":[{"href":"https:\/\/mhw.info.yorku.ca\/fr\/wp-json\/wp\/v2\/types\/page"}],"author":[{"embeddable":true,"href":"https:\/\/mhw.info.yorku.ca\/fr\/wp-json\/wp\/v2\/users\/4168"}],"replies":[{"embeddable":true,"href":"https:\/\/mhw.info.yorku.ca\/fr\/wp-json\/wp\/v2\/comments?post=2446"}],"version-history":[{"count":2,"href":"https:\/\/mhw.info.yorku.ca\/fr\/wp-json\/wp\/v2\/pages\/2446\/revisions"}],"predecessor-version":[{"id":2772,"href":"https:\/\/mhw.info.yorku.ca\/fr\/wp-json\/wp\/v2\/pages\/2446\/revisions\/2772"}],"wp:attachment":[{"href":"https:\/\/mhw.info.yorku.ca\/fr\/wp-json\/wp\/v2\/media?parent=2446"}],"curies":[{"name":"wp","href":"https:\/\/api.w.org\/{rel}","templated":true}]}}