{"id":2432,"date":"2017-09-26T10:47:35","date_gmt":"2017-09-26T14:47:35","guid":{"rendered":"http:\/\/mhw.info.yorku.ca\/?page_id=2432"},"modified":"2019-09-10T10:56:37","modified_gmt":"2019-09-10T14:56:37","slug":"besoin-daide-immediate","status":"publish","type":"page","link":"https:\/\/mhw.info.yorku.ca\/fr\/besoin-daide-immediate\/","title":{"rendered":"Besoin d\u2019aide imm\u00e9diate ?"},"content":{"rendered":"<h2>En cas de situation de crise ou d\u2019urgence<\/h2>\n<ul>\n<li>Rendez-vous au service d\u2019urgences local le plus proche ou t\u00e9l\u00e9phonez au 911.<\/li>\n<li>Si vous \u00eates sur le campus, appelez la S\u00e9curit\u00e9 \u00e0 York au 416 736-5333 ou en composant le num\u00e9ro de poste 33333 depuis un t\u00e9l\u00e9phone du campus de York.<\/li>\n<\/ul>\n<p>Les \u00e9tudiants sur le campus ne n\u00e9cessitant pas d\u2019assistance m\u00e9dicale et qui sont en situation de crise ou de d\u00e9tresse grave peuvent \u00e9galement parler \u00e0 un conseiller\u00a0sur le campus aux Services de\u00a0counseling personnels (<em>Student Counselling &amp; Development, SCD<\/em> en anglais). Leurs bureaux sont situ\u00e9s dans les locaux des <strong>Student Counselling &amp; Development <\/strong>(<strong>SCD<\/strong>), <em>N110 Bennett Centre for Student Services<\/em>,\u00a0et on peut \u00e9galement les joindre par t\u00e9l\u00e9phone au 416 736-5297.<\/p>\n<p>9 h \u00e0 16 h \u2013 Lundi - vendredi*<\/p>\n<p>*En juin, juillet et ao\u00fbt, les bureaux des <em>SCD<\/em> ferment entre midi et 13\u00a0hHh tous les jours et ils ferment \u00e0 15\u00a0h les vendredis.<\/p>\n<h2>Besoin de parler \u00e0 quelqu\u2019un ?<\/h2>\n<p>Les services suivants sont ouverts 24 heures par jour, sept jours par semaine.<\/p>\n<ul>\n<li><a title=\"Good 2 Talk\" href=\"http:\/\/good2talk.ca\/\"><strong>Good 2 Talk<\/strong><\/a><strong> (pour les \u00e9tudiants de niveau postsecondaire)\u00a0<\/strong><br \/>\n1 866 925-5454<\/li>\n<li><a title=\"Toronto Distress Centres\" href=\"https:\/\/www.torontodistresscentre.com\/\"><strong>Toronto Distress Centres<\/strong><\/a><br \/>\n416 408-4357 ou 408-HELP<br \/>\n*les temps d\u2019attente peuvent d\u00e9passer 15 minutes<\/li>\n<li><a title=\"Ontario Mental Health Helpline\" href=\"http:\/\/www.mentalhealthhelpline.ca\/\"><strong>Ontario Mental Health Helpline<\/strong><br \/>\n<\/a>1 866 531-2600<\/li>\n<\/ul>\n<p><strong>Lignes secours multilingues<br \/>\n<\/strong>Si vous avez besoin de parler \u00e0 quelqu\u2019un dans une langue autre que l\u2019anglais. Ouvert du lundi au vendredi, de 10\u00a0h \u00e0 22\u00a0h. Offert par l\u2019interm\u00e9diaire des services <a title=\"Spectra\" href=\"http:\/\/www.spectrasupport.org\/call-now.html\">Spectra Community Support Services<\/a><\/p>\n<ul>\n<li>Mandarin et cantonais\u00a0: 416-920-0497<\/li>\n<li>Hindi, ourdou et pendjabi\u00a0: 905 459-7777 poste 2<\/li>\n<li>Espagnol\u00a0: 905 459-7777 poste 3<\/li>\n<li>Portugais\u00a0: 905 459-7777 poste 4<\/li>\n<\/ul>\n","protected":false},"excerpt":{"rendered":"<p>En cas de situation de crise ou d\u2019urgence Rendez-vous au service d\u2019urgences local le plus proche ou t\u00e9l\u00e9phonez au 911. Si vous \u00eates sur le campus, appelez la S\u00e9curit\u00e9 \u00e0 York au 416 736-5333 ou en composant le num\u00e9ro de poste 33333 depuis un t\u00e9l\u00e9phone du campus de York. Les \u00e9tudiants sur le campus ne [&hellip;]<\/p>\n","protected":false},"author":2392,"featured_media":0,"parent":0,"menu_order":7,"comment_status":"closed","ping_status":"closed","template":"","meta":[],"_links":{"self":[{"href":"https:\/\/mhw.info.yorku.ca\/fr\/wp-json\/wp\/v2\/pages\/2432"}],"collection":[{"href":"https:\/\/mhw.info.yorku.ca\/fr\/wp-json\/wp\/v2\/pages"}],"about":[{"href":"https:\/\/mhw.info.yorku.ca\/fr\/wp-json\/wp\/v2\/types\/page"}],"author":[{"embeddable":true,"href":"https:\/\/mhw.info.yorku.ca\/fr\/wp-json\/wp\/v2\/users\/2392"}],"replies":[{"embeddable":true,"href":"https:\/\/mhw.info.yorku.ca\/fr\/wp-json\/wp\/v2\/comments?post=2432"}],"version-history":[{"count":3,"href":"https:\/\/mhw.info.yorku.ca\/fr\/wp-json\/wp\/v2\/pages\/2432\/revisions"}],"predecessor-version":[{"id":2768,"href":"https:\/\/mhw.info.yorku.ca\/fr\/wp-json\/wp\/v2\/pages\/2432\/revisions\/2768"}],"wp:attachment":[{"href":"https:\/\/mhw.info.yorku.ca\/fr\/wp-json\/wp\/v2\/media?parent=2432"}],"curies":[{"name":"wp","href":"https:\/\/api.w.org\/{rel}","templated":true}]}}